{"id":198,"date":"2023-05-06T18:41:11","date_gmt":"2023-05-06T18:41:11","guid":{"rendered":"https:\/\/smofe-dz.com\/?page_id=198"},"modified":"2023-05-08T21:19:59","modified_gmt":"2023-05-08T21:19:59","slug":"batimatec-2023","status":"publish","type":"page","link":"https:\/\/smofe-dz.com\/index.php\/batimatec-2023\/","title":{"rendered":"BATIMATEC 2023"},"content":{"rendered":"\n<p><br>Nous sommes enthousiastes de vous d\u00e9voiler notre toute premi\u00e8re vid\u00e9o captivante du Salon d&rsquo;Exposition d&rsquo;aujourd&rsquo;hui ! [07.05.23]<\/p>\n\n\n\n<figure class=\"wp-block-embed is-type-video is-provider-youtube wp-block-embed-youtube wp-embed-aspect-16-9 wp-has-aspect-ratio\"><div class=\"wp-block-embed__wrapper\">\n<iframe loading=\"lazy\" title=\"345873896 915548692859521 2537443954386768152 n\" width=\"950\" height=\"534\" src=\"https:\/\/www.youtube.com\/embed\/UskpSApljlk?feature=oembed\" frameborder=\"0\" allow=\"accelerometer; autoplay; clipboard-write; encrypted-media; gyroscope; picture-in-picture; web-share\" allowfullscreen><\/iframe>\n<\/div><\/figure>\n\n\n\n<figure class=\"wp-block-gallery has-nested-images columns-default is-cropped wp-block-gallery-1 is-layout-flex wp-block-gallery-is-layout-flex\">\n<figure class=\"wp-block-image size-large\"><img loading=\"lazy\" decoding=\"async\" width=\"1024\" height=\"683\" data-id=\"238\" src=\"https:\/\/smofe-dz.com\/wp-content\/uploads\/2023\/05\/345880574_1036227984022908_2345860646977014631_n-1024x683.jpg\" alt=\"\" class=\"wp-image-238\" srcset=\"https:\/\/smofe-dz.com\/wp-content\/uploads\/2023\/05\/345880574_1036227984022908_2345860646977014631_n-1024x683.jpg 1024w, https:\/\/smofe-dz.com\/wp-content\/uploads\/2023\/05\/345880574_1036227984022908_2345860646977014631_n-300x200.jpg 300w, https:\/\/smofe-dz.com\/wp-content\/uploads\/2023\/05\/345880574_1036227984022908_2345860646977014631_n-768x512.jpg 768w, https:\/\/smofe-dz.com\/wp-content\/uploads\/2023\/05\/345880574_1036227984022908_2345860646977014631_n-1536x1024.jpg 1536w, https:\/\/smofe-dz.com\/wp-content\/uploads\/2023\/05\/345880574_1036227984022908_2345860646977014631_n-2000x1333.jpg 2000w, https:\/\/smofe-dz.com\/wp-content\/uploads\/2023\/05\/345880574_1036227984022908_2345860646977014631_n.jpg 2048w\" sizes=\"auto, (max-width: 1024px) 100vw, 1024px\" \/><\/figure>\n\n\n\n<figure class=\"wp-block-image size-large\"><img loading=\"lazy\" decoding=\"async\" width=\"842\" height=\"1024\" data-id=\"241\" src=\"https:\/\/smofe-dz.com\/wp-content\/uploads\/2023\/05\/345851265_926378215281042_4402787400370043823_n-842x1024.jpg\" alt=\"\" class=\"wp-image-241\" srcset=\"https:\/\/smofe-dz.com\/wp-content\/uploads\/2023\/05\/345851265_926378215281042_4402787400370043823_n-842x1024.jpg 842w, https:\/\/smofe-dz.com\/wp-content\/uploads\/2023\/05\/345851265_926378215281042_4402787400370043823_n-247x300.jpg 247w, https:\/\/smofe-dz.com\/wp-content\/uploads\/2023\/05\/345851265_926378215281042_4402787400370043823_n-768x934.jpg 768w, https:\/\/smofe-dz.com\/wp-content\/uploads\/2023\/05\/345851265_926378215281042_4402787400370043823_n-1263x1536.jpg 1263w, https:\/\/smofe-dz.com\/wp-content\/uploads\/2023\/05\/345851265_926378215281042_4402787400370043823_n.jpg 1684w\" sizes=\"auto, (max-width: 842px) 100vw, 842px\" \/><\/figure>\n\n\n\n<figure class=\"wp-block-image size-large\"><img loading=\"lazy\" decoding=\"async\" width=\"1024\" height=\"655\" data-id=\"239\" src=\"https:\/\/smofe-dz.com\/wp-content\/uploads\/2023\/05\/345850304_7056130334413324_1790673199027956109_n-1024x655.jpg\" alt=\"\" class=\"wp-image-239\" srcset=\"https:\/\/smofe-dz.com\/wp-content\/uploads\/2023\/05\/345850304_7056130334413324_1790673199027956109_n-1024x655.jpg 1024w, https:\/\/smofe-dz.com\/wp-content\/uploads\/2023\/05\/345850304_7056130334413324_1790673199027956109_n-300x192.jpg 300w, https:\/\/smofe-dz.com\/wp-content\/uploads\/2023\/05\/345850304_7056130334413324_1790673199027956109_n-768x491.jpg 768w, https:\/\/smofe-dz.com\/wp-content\/uploads\/2023\/05\/345850304_7056130334413324_1790673199027956109_n-1536x982.jpg 1536w, https:\/\/smofe-dz.com\/wp-content\/uploads\/2023\/05\/345850304_7056130334413324_1790673199027956109_n-2000x1278.jpg 2000w, https:\/\/smofe-dz.com\/wp-content\/uploads\/2023\/05\/345850304_7056130334413324_1790673199027956109_n.jpg 2048w\" sizes=\"auto, (max-width: 1024px) 100vw, 1024px\" \/><\/figure>\n\n\n\n<figure class=\"wp-block-image size-large\"><img loading=\"lazy\" decoding=\"async\" width=\"1024\" height=\"683\" data-id=\"243\" src=\"https:\/\/smofe-dz.com\/wp-content\/uploads\/2023\/05\/345589349_755062992788806_6410997300457826882_n-1024x683.jpg\" alt=\"\" class=\"wp-image-243\" srcset=\"https:\/\/smofe-dz.com\/wp-content\/uploads\/2023\/05\/345589349_755062992788806_6410997300457826882_n-1024x683.jpg 1024w, https:\/\/smofe-dz.com\/wp-content\/uploads\/2023\/05\/345589349_755062992788806_6410997300457826882_n-300x200.jpg 300w, https:\/\/smofe-dz.com\/wp-content\/uploads\/2023\/05\/345589349_755062992788806_6410997300457826882_n-768x512.jpg 768w, https:\/\/smofe-dz.com\/wp-content\/uploads\/2023\/05\/345589349_755062992788806_6410997300457826882_n-1536x1024.jpg 1536w, https:\/\/smofe-dz.com\/wp-content\/uploads\/2023\/05\/345589349_755062992788806_6410997300457826882_n-2000x1333.jpg 2000w, https:\/\/smofe-dz.com\/wp-content\/uploads\/2023\/05\/345589349_755062992788806_6410997300457826882_n.jpg 2048w\" sizes=\"auto, (max-width: 1024px) 100vw, 1024px\" \/><\/figure>\n\n\n\n<figure class=\"wp-block-image size-large\"><img loading=\"lazy\" decoding=\"async\" width=\"1024\" height=\"633\" data-id=\"240\" src=\"https:\/\/smofe-dz.com\/wp-content\/uploads\/2023\/05\/345618284_1422863871620094_6885336712997552029_n-1024x633.jpg\" alt=\"\" class=\"wp-image-240\" srcset=\"https:\/\/smofe-dz.com\/wp-content\/uploads\/2023\/05\/345618284_1422863871620094_6885336712997552029_n-1024x633.jpg 1024w, https:\/\/smofe-dz.com\/wp-content\/uploads\/2023\/05\/345618284_1422863871620094_6885336712997552029_n-300x185.jpg 300w, https:\/\/smofe-dz.com\/wp-content\/uploads\/2023\/05\/345618284_1422863871620094_6885336712997552029_n-768x474.jpg 768w, https:\/\/smofe-dz.com\/wp-content\/uploads\/2023\/05\/345618284_1422863871620094_6885336712997552029_n-1536x949.jpg 1536w, https:\/\/smofe-dz.com\/wp-content\/uploads\/2023\/05\/345618284_1422863871620094_6885336712997552029_n-2000x1235.jpg 2000w, https:\/\/smofe-dz.com\/wp-content\/uploads\/2023\/05\/345618284_1422863871620094_6885336712997552029_n.jpg 2048w\" sizes=\"auto, (max-width: 1024px) 100vw, 1024px\" \/><\/figure>\n\n\n\n<figure class=\"wp-block-image size-large\"><img loading=\"lazy\" decoding=\"async\" width=\"1024\" height=\"683\" data-id=\"247\" src=\"https:\/\/smofe-dz.com\/wp-content\/uploads\/2023\/05\/345915476_641797827800778_4321211317115868544_n-1024x683.jpg\" alt=\"\" class=\"wp-image-247\" srcset=\"https:\/\/smofe-dz.com\/wp-content\/uploads\/2023\/05\/345915476_641797827800778_4321211317115868544_n-1024x683.jpg 1024w, https:\/\/smofe-dz.com\/wp-content\/uploads\/2023\/05\/345915476_641797827800778_4321211317115868544_n-300x200.jpg 300w, https:\/\/smofe-dz.com\/wp-content\/uploads\/2023\/05\/345915476_641797827800778_4321211317115868544_n-768x512.jpg 768w, https:\/\/smofe-dz.com\/wp-content\/uploads\/2023\/05\/345915476_641797827800778_4321211317115868544_n-1536x1024.jpg 1536w, https:\/\/smofe-dz.com\/wp-content\/uploads\/2023\/05\/345915476_641797827800778_4321211317115868544_n-2000x1333.jpg 2000w, https:\/\/smofe-dz.com\/wp-content\/uploads\/2023\/05\/345915476_641797827800778_4321211317115868544_n.jpg 2048w\" sizes=\"auto, (max-width: 1024px) 100vw, 1024px\" \/><\/figure>\n\n\n\n<figure class=\"wp-block-image size-large\"><img loading=\"lazy\" decoding=\"async\" width=\"1024\" height=\"683\" data-id=\"245\" src=\"https:\/\/smofe-dz.com\/wp-content\/uploads\/2023\/05\/345211900_1305212527099435_5910998986053926774_n-1-1024x683.jpg\" alt=\"\" class=\"wp-image-245\" srcset=\"https:\/\/smofe-dz.com\/wp-content\/uploads\/2023\/05\/345211900_1305212527099435_5910998986053926774_n-1-1024x683.jpg 1024w, https:\/\/smofe-dz.com\/wp-content\/uploads\/2023\/05\/345211900_1305212527099435_5910998986053926774_n-1-300x200.jpg 300w, https:\/\/smofe-dz.com\/wp-content\/uploads\/2023\/05\/345211900_1305212527099435_5910998986053926774_n-1-768x512.jpg 768w, https:\/\/smofe-dz.com\/wp-content\/uploads\/2023\/05\/345211900_1305212527099435_5910998986053926774_n-1-1536x1024.jpg 1536w, https:\/\/smofe-dz.com\/wp-content\/uploads\/2023\/05\/345211900_1305212527099435_5910998986053926774_n-1-2000x1333.jpg 2000w, https:\/\/smofe-dz.com\/wp-content\/uploads\/2023\/05\/345211900_1305212527099435_5910998986053926774_n-1.jpg 2048w\" sizes=\"auto, (max-width: 1024px) 100vw, 1024px\" \/><\/figure>\n\n\n\n<figure class=\"wp-block-image size-large\"><img loading=\"lazy\" decoding=\"async\" width=\"1024\" height=\"683\" data-id=\"242\" src=\"https:\/\/smofe-dz.com\/wp-content\/uploads\/2023\/05\/344973214_5976613102437289_1086995115464354821_n-1024x683.jpg\" alt=\"\" class=\"wp-image-242\" srcset=\"https:\/\/smofe-dz.com\/wp-content\/uploads\/2023\/05\/344973214_5976613102437289_1086995115464354821_n-1024x683.jpg 1024w, https:\/\/smofe-dz.com\/wp-content\/uploads\/2023\/05\/344973214_5976613102437289_1086995115464354821_n-300x200.jpg 300w, https:\/\/smofe-dz.com\/wp-content\/uploads\/2023\/05\/344973214_5976613102437289_1086995115464354821_n-768x512.jpg 768w, https:\/\/smofe-dz.com\/wp-content\/uploads\/2023\/05\/344973214_5976613102437289_1086995115464354821_n-1536x1024.jpg 1536w, https:\/\/smofe-dz.com\/wp-content\/uploads\/2023\/05\/344973214_5976613102437289_1086995115464354821_n-2000x1333.jpg 2000w, https:\/\/smofe-dz.com\/wp-content\/uploads\/2023\/05\/344973214_5976613102437289_1086995115464354821_n.jpg 2048w\" sizes=\"auto, (max-width: 1024px) 100vw, 1024px\" \/><\/figure>\n\n\n\n<figure class=\"wp-block-image size-large\"><img loading=\"lazy\" decoding=\"async\" width=\"1024\" height=\"683\" data-id=\"244\" src=\"https:\/\/smofe-dz.com\/wp-content\/uploads\/2023\/05\/344760225_241046308604895_601686757467254510_n-1024x683.jpg\" alt=\"\" class=\"wp-image-244\" srcset=\"https:\/\/smofe-dz.com\/wp-content\/uploads\/2023\/05\/344760225_241046308604895_601686757467254510_n-1024x683.jpg 1024w, https:\/\/smofe-dz.com\/wp-content\/uploads\/2023\/05\/344760225_241046308604895_601686757467254510_n-300x200.jpg 300w, https:\/\/smofe-dz.com\/wp-content\/uploads\/2023\/05\/344760225_241046308604895_601686757467254510_n-768x512.jpg 768w, https:\/\/smofe-dz.com\/wp-content\/uploads\/2023\/05\/344760225_241046308604895_601686757467254510_n-1536x1024.jpg 1536w, https:\/\/smofe-dz.com\/wp-content\/uploads\/2023\/05\/344760225_241046308604895_601686757467254510_n-2000x1333.jpg 2000w, https:\/\/smofe-dz.com\/wp-content\/uploads\/2023\/05\/344760225_241046308604895_601686757467254510_n.jpg 2048w\" sizes=\"auto, (max-width: 1024px) 100vw, 1024px\" \/><\/figure>\n\n\n\n<figure class=\"wp-block-image size-large\"><img loading=\"lazy\" decoding=\"async\" width=\"1024\" height=\"700\" data-id=\"246\" src=\"https:\/\/smofe-dz.com\/wp-content\/uploads\/2023\/05\/344817225_1210397846282172_4573769285525488623_n-1024x700.jpg\" alt=\"\" class=\"wp-image-246\" srcset=\"https:\/\/smofe-dz.com\/wp-content\/uploads\/2023\/05\/344817225_1210397846282172_4573769285525488623_n-1024x700.jpg 1024w, https:\/\/smofe-dz.com\/wp-content\/uploads\/2023\/05\/344817225_1210397846282172_4573769285525488623_n-300x205.jpg 300w, https:\/\/smofe-dz.com\/wp-content\/uploads\/2023\/05\/344817225_1210397846282172_4573769285525488623_n-768x525.jpg 768w, https:\/\/smofe-dz.com\/wp-content\/uploads\/2023\/05\/344817225_1210397846282172_4573769285525488623_n-1536x1049.jpg 1536w, https:\/\/smofe-dz.com\/wp-content\/uploads\/2023\/05\/344817225_1210397846282172_4573769285525488623_n-2000x1366.jpg 2000w, https:\/\/smofe-dz.com\/wp-content\/uploads\/2023\/05\/344817225_1210397846282172_4573769285525488623_n.jpg 2048w\" sizes=\"auto, (max-width: 1024px) 100vw, 1024px\" \/><\/figure>\n\n\n\n<figure class=\"wp-block-image size-large\"><img loading=\"lazy\" decoding=\"async\" width=\"1024\" height=\"676\" data-id=\"249\" src=\"https:\/\/smofe-dz.com\/wp-content\/uploads\/2023\/05\/344852942_5852240998235554_369298754239983034_n-1024x676.jpg\" alt=\"\" class=\"wp-image-249\" srcset=\"https:\/\/smofe-dz.com\/wp-content\/uploads\/2023\/05\/344852942_5852240998235554_369298754239983034_n-1024x676.jpg 1024w, https:\/\/smofe-dz.com\/wp-content\/uploads\/2023\/05\/344852942_5852240998235554_369298754239983034_n-300x198.jpg 300w, https:\/\/smofe-dz.com\/wp-content\/uploads\/2023\/05\/344852942_5852240998235554_369298754239983034_n-768x507.jpg 768w, https:\/\/smofe-dz.com\/wp-content\/uploads\/2023\/05\/344852942_5852240998235554_369298754239983034_n-1536x1013.jpg 1536w, https:\/\/smofe-dz.com\/wp-content\/uploads\/2023\/05\/344852942_5852240998235554_369298754239983034_n-2000x1319.jpg 2000w, https:\/\/smofe-dz.com\/wp-content\/uploads\/2023\/05\/344852942_5852240998235554_369298754239983034_n.jpg 2048w\" sizes=\"auto, (max-width: 1024px) 100vw, 1024px\" \/><\/figure>\n\n\n\n<figure class=\"wp-block-image size-large\"><img loading=\"lazy\" decoding=\"async\" width=\"1024\" height=\"683\" data-id=\"251\" src=\"https:\/\/smofe-dz.com\/wp-content\/uploads\/2023\/05\/345589720_3474791192733932_8191035061577619541_n-1024x683.jpg\" alt=\"\" class=\"wp-image-251\" srcset=\"https:\/\/smofe-dz.com\/wp-content\/uploads\/2023\/05\/345589720_3474791192733932_8191035061577619541_n-1024x683.jpg 1024w, https:\/\/smofe-dz.com\/wp-content\/uploads\/2023\/05\/345589720_3474791192733932_8191035061577619541_n-300x200.jpg 300w, https:\/\/smofe-dz.com\/wp-content\/uploads\/2023\/05\/345589720_3474791192733932_8191035061577619541_n-768x512.jpg 768w, https:\/\/smofe-dz.com\/wp-content\/uploads\/2023\/05\/345589720_3474791192733932_8191035061577619541_n-1536x1024.jpg 1536w, https:\/\/smofe-dz.com\/wp-content\/uploads\/2023\/05\/345589720_3474791192733932_8191035061577619541_n-2000x1333.jpg 2000w, https:\/\/smofe-dz.com\/wp-content\/uploads\/2023\/05\/345589720_3474791192733932_8191035061577619541_n.jpg 2048w\" sizes=\"auto, (max-width: 1024px) 100vw, 1024px\" \/><\/figure>\n\n\n\n<figure class=\"wp-block-image size-large\"><img loading=\"lazy\" decoding=\"async\" width=\"636\" height=\"1024\" data-id=\"250\" src=\"https:\/\/smofe-dz.com\/wp-content\/uploads\/2023\/05\/345430228_606198561460217_2805984629372982473_n-636x1024.jpg\" alt=\"\" class=\"wp-image-250\" srcset=\"https:\/\/smofe-dz.com\/wp-content\/uploads\/2023\/05\/345430228_606198561460217_2805984629372982473_n-636x1024.jpg 636w, https:\/\/smofe-dz.com\/wp-content\/uploads\/2023\/05\/345430228_606198561460217_2805984629372982473_n-186x300.jpg 186w, https:\/\/smofe-dz.com\/wp-content\/uploads\/2023\/05\/345430228_606198561460217_2805984629372982473_n-768x1238.jpg 768w, https:\/\/smofe-dz.com\/wp-content\/uploads\/2023\/05\/345430228_606198561460217_2805984629372982473_n-953x1536.jpg 953w, https:\/\/smofe-dz.com\/wp-content\/uploads\/2023\/05\/345430228_606198561460217_2805984629372982473_n.jpg 1271w\" sizes=\"auto, (max-width: 636px) 100vw, 636px\" \/><\/figure>\n\n\n\n<figure class=\"wp-block-image size-large\"><img loading=\"lazy\" decoding=\"async\" width=\"683\" height=\"1024\" data-id=\"252\" src=\"https:\/\/smofe-dz.com\/wp-content\/uploads\/2023\/05\/344434072_676525694239324_8528575185058178860_n-683x1024.jpg\" alt=\"\" class=\"wp-image-252\" srcset=\"https:\/\/smofe-dz.com\/wp-content\/uploads\/2023\/05\/344434072_676525694239324_8528575185058178860_n-683x1024.jpg 683w, https:\/\/smofe-dz.com\/wp-content\/uploads\/2023\/05\/344434072_676525694239324_8528575185058178860_n-200x300.jpg 200w, https:\/\/smofe-dz.com\/wp-content\/uploads\/2023\/05\/344434072_676525694239324_8528575185058178860_n-768x1152.jpg 768w, https:\/\/smofe-dz.com\/wp-content\/uploads\/2023\/05\/344434072_676525694239324_8528575185058178860_n-1024x1536.jpg 1024w, https:\/\/smofe-dz.com\/wp-content\/uploads\/2023\/05\/344434072_676525694239324_8528575185058178860_n.jpg 1365w\" sizes=\"auto, (max-width: 683px) 100vw, 683px\" \/><\/figure>\n\n\n\n<figure class=\"wp-block-image size-large\"><img loading=\"lazy\" decoding=\"async\" width=\"683\" height=\"1024\" data-id=\"248\" src=\"https:\/\/smofe-dz.com\/wp-content\/uploads\/2023\/05\/344807677_760693929056566_7399671735114536291_n-683x1024.jpg\" alt=\"\" class=\"wp-image-248\" srcset=\"https:\/\/smofe-dz.com\/wp-content\/uploads\/2023\/05\/344807677_760693929056566_7399671735114536291_n-683x1024.jpg 683w, https:\/\/smofe-dz.com\/wp-content\/uploads\/2023\/05\/344807677_760693929056566_7399671735114536291_n-200x300.jpg 200w, https:\/\/smofe-dz.com\/wp-content\/uploads\/2023\/05\/344807677_760693929056566_7399671735114536291_n-768x1152.jpg 768w, https:\/\/smofe-dz.com\/wp-content\/uploads\/2023\/05\/344807677_760693929056566_7399671735114536291_n-1024x1536.jpg 1024w, https:\/\/smofe-dz.com\/wp-content\/uploads\/2023\/05\/344807677_760693929056566_7399671735114536291_n.jpg 1365w\" sizes=\"auto, (max-width: 683px) 100vw, 683px\" \/><\/figure>\n\n\n\n<figure class=\"wp-block-image size-large\"><img loading=\"lazy\" decoding=\"async\" width=\"1024\" height=\"683\" data-id=\"253\" src=\"https:\/\/smofe-dz.com\/wp-content\/uploads\/2023\/05\/345211900_1305212527099435_5910998986053926774_n-1024x683.jpg\" alt=\"\" class=\"wp-image-253\" srcset=\"https:\/\/smofe-dz.com\/wp-content\/uploads\/2023\/05\/345211900_1305212527099435_5910998986053926774_n-1024x683.jpg 1024w, https:\/\/smofe-dz.com\/wp-content\/uploads\/2023\/05\/345211900_1305212527099435_5910998986053926774_n-300x200.jpg 300w, https:\/\/smofe-dz.com\/wp-content\/uploads\/2023\/05\/345211900_1305212527099435_5910998986053926774_n-768x512.jpg 768w, https:\/\/smofe-dz.com\/wp-content\/uploads\/2023\/05\/345211900_1305212527099435_5910998986053926774_n-1536x1024.jpg 1536w, https:\/\/smofe-dz.com\/wp-content\/uploads\/2023\/05\/345211900_1305212527099435_5910998986053926774_n-2000x1333.jpg 2000w, https:\/\/smofe-dz.com\/wp-content\/uploads\/2023\/05\/345211900_1305212527099435_5910998986053926774_n.jpg 2048w\" sizes=\"auto, (max-width: 1024px) 100vw, 1024px\" \/><\/figure>\n<\/figure>\n","protected":false},"excerpt":{"rendered":"<p>Nous sommes enthousiastes de vous d\u00e9voiler notre toute premi\u00e8re vid\u00e9o captivante du Salon d&rsquo;Exposition d&rsquo;aujourd&rsquo;hui ! [07.05.23]<\/p>\n","protected":false},"author":1,"featured_media":253,"parent":0,"menu_order":0,"comment_status":"closed","ping_status":"closed","template":"","meta":{"footnotes":""},"class_list":["post-198","page","type-page","status-publish","has-post-thumbnail","hentry"],"yoast_head":"<!-- This site is optimized with the Yoast SEO plugin v20.6 - https:\/\/yoast.com\/wordpress\/plugins\/seo\/ -->\n<title>BATIMATEC 2023<\/title>\n<meta name=\"robots\" content=\"index, follow, max-snippet:-1, max-image-preview:large, max-video-preview:-1\" \/>\n<link rel=\"canonical\" href=\"https:\/\/smofe-dz.com\/index.php\/batimatec-2023\/\" \/>\n<meta property=\"og:locale\" content=\"fr_FR\" \/>\n<meta property=\"og:type\" content=\"article\" \/>\n<meta property=\"og:title\" content=\"BATIMATEC 2023\" \/>\n<meta property=\"og:description\" content=\"Nous sommes enthousiastes de vous d\u00e9voiler notre toute premi\u00e8re vid\u00e9o captivante du Salon d&rsquo;Exposition d&rsquo;aujourd&rsquo;hui ! [07.05.23]\" \/>\n<meta property=\"og:url\" content=\"https:\/\/smofe-dz.com\/index.php\/batimatec-2023\/\" \/>\n<meta property=\"og:site_name\" content=\"Smofe\" \/>\n<meta property=\"article:publisher\" content=\"https:\/\/www.facebook.com\/dzsmofe\" \/>\n<meta property=\"article:modified_time\" content=\"2023-05-08T21:19:59+00:00\" \/>\n<meta property=\"og:image\" content=\"https:\/\/smofe-dz.com\/wp-content\/uploads\/2023\/05\/345211900_1305212527099435_5910998986053926774_n.jpg\" \/>\n\t<meta property=\"og:image:width\" content=\"2048\" \/>\n\t<meta property=\"og:image:height\" content=\"1365\" \/>\n\t<meta property=\"og:image:type\" content=\"image\/jpeg\" \/>\n<meta name=\"twitter:card\" content=\"summary_large_image\" \/>\n<meta name=\"twitter:label1\" content=\"Dur\u00e9e de lecture estim\u00e9e\" \/>\n\t<meta name=\"twitter:data1\" content=\"4 minutes\" \/>\n<script type=\"application\/ld+json\" class=\"yoast-schema-graph\">{\"@context\":\"https:\/\/schema.org\",\"@graph\":[{\"@type\":\"WebPage\",\"@id\":\"https:\/\/smofe-dz.com\/index.php\/batimatec-2023\/\",\"url\":\"https:\/\/smofe-dz.com\/index.php\/batimatec-2023\/\",\"name\":\"BATIMATEC 2023\",\"isPartOf\":{\"@id\":\"https:\/\/smofe-dz.com\/#website\"},\"datePublished\":\"2023-05-06T18:41:11+00:00\",\"dateModified\":\"2023-05-08T21:19:59+00:00\",\"breadcrumb\":{\"@id\":\"https:\/\/smofe-dz.com\/index.php\/batimatec-2023\/#breadcrumb\"},\"inLanguage\":\"fr-FR\",\"potentialAction\":[{\"@type\":\"ReadAction\",\"target\":[\"https:\/\/smofe-dz.com\/index.php\/batimatec-2023\/\"]}]},{\"@type\":\"BreadcrumbList\",\"@id\":\"https:\/\/smofe-dz.com\/index.php\/batimatec-2023\/#breadcrumb\",\"itemListElement\":[{\"@type\":\"ListItem\",\"position\":1,\"name\":\"Accueil\",\"item\":\"https:\/\/smofe-dz.com\/\"},{\"@type\":\"ListItem\",\"position\":2,\"name\":\"BATIMATEC 2023\"}]},{\"@type\":\"WebSite\",\"@id\":\"https:\/\/smofe-dz.com\/#website\",\"url\":\"https:\/\/smofe-dz.com\/\",\"name\":\"Smofe\",\"description\":\"WE COMMIT TO WOW\",\"publisher\":{\"@id\":\"https:\/\/smofe-dz.com\/#organization\"},\"potentialAction\":[{\"@type\":\"SearchAction\",\"target\":{\"@type\":\"EntryPoint\",\"urlTemplate\":\"https:\/\/smofe-dz.com\/?s={search_term_string}\"},\"query-input\":\"required name=search_term_string\"}],\"inLanguage\":\"fr-FR\"},{\"@type\":\"Organization\",\"@id\":\"https:\/\/smofe-dz.com\/#organization\",\"name\":\"Smofe\",\"url\":\"https:\/\/smofe-dz.com\/\",\"logo\":{\"@type\":\"ImageObject\",\"inLanguage\":\"fr-FR\",\"@id\":\"https:\/\/smofe-dz.com\/#\/schema\/logo\/image\/\",\"url\":\"https:\/\/smofe-dz.com\/wp-content\/uploads\/2023\/05\/cropped-Logo-Smofe-version-mail.png\",\"contentUrl\":\"https:\/\/smofe-dz.com\/wp-content\/uploads\/2023\/05\/cropped-Logo-Smofe-version-mail.png\",\"width\":227,\"height\":132,\"caption\":\"Smofe\"},\"image\":{\"@id\":\"https:\/\/smofe-dz.com\/#\/schema\/logo\/image\/\"},\"sameAs\":[\"https:\/\/www.facebook.com\/dzsmofe\",\"https:\/\/instagram.com\/sarl_smofe\"]}]}<\/script>\n<!-- \/ Yoast SEO plugin. -->","yoast_head_json":{"title":"BATIMATEC 2023","robots":{"index":"index","follow":"follow","max-snippet":"max-snippet:-1","max-image-preview":"max-image-preview:large","max-video-preview":"max-video-preview:-1"},"canonical":"https:\/\/smofe-dz.com\/index.php\/batimatec-2023\/","og_locale":"fr_FR","og_type":"article","og_title":"BATIMATEC 2023","og_description":"Nous sommes enthousiastes de vous d\u00e9voiler notre toute premi\u00e8re vid\u00e9o captivante du Salon d&rsquo;Exposition d&rsquo;aujourd&rsquo;hui ! [07.05.23]","og_url":"https:\/\/smofe-dz.com\/index.php\/batimatec-2023\/","og_site_name":"Smofe","article_publisher":"https:\/\/www.facebook.com\/dzsmofe","article_modified_time":"2023-05-08T21:19:59+00:00","og_image":[{"width":2048,"height":1365,"url":"https:\/\/smofe-dz.com\/wp-content\/uploads\/2023\/05\/345211900_1305212527099435_5910998986053926774_n.jpg","type":"image\/jpeg"}],"twitter_card":"summary_large_image","twitter_misc":{"Dur\u00e9e de lecture estim\u00e9e":"4 minutes"},"schema":{"@context":"https:\/\/schema.org","@graph":[{"@type":"WebPage","@id":"https:\/\/smofe-dz.com\/index.php\/batimatec-2023\/","url":"https:\/\/smofe-dz.com\/index.php\/batimatec-2023\/","name":"BATIMATEC 2023","isPartOf":{"@id":"https:\/\/smofe-dz.com\/#website"},"datePublished":"2023-05-06T18:41:11+00:00","dateModified":"2023-05-08T21:19:59+00:00","breadcrumb":{"@id":"https:\/\/smofe-dz.com\/index.php\/batimatec-2023\/#breadcrumb"},"inLanguage":"fr-FR","potentialAction":[{"@type":"ReadAction","target":["https:\/\/smofe-dz.com\/index.php\/batimatec-2023\/"]}]},{"@type":"BreadcrumbList","@id":"https:\/\/smofe-dz.com\/index.php\/batimatec-2023\/#breadcrumb","itemListElement":[{"@type":"ListItem","position":1,"name":"Accueil","item":"https:\/\/smofe-dz.com\/"},{"@type":"ListItem","position":2,"name":"BATIMATEC 2023"}]},{"@type":"WebSite","@id":"https:\/\/smofe-dz.com\/#website","url":"https:\/\/smofe-dz.com\/","name":"Smofe","description":"WE COMMIT TO WOW","publisher":{"@id":"https:\/\/smofe-dz.com\/#organization"},"potentialAction":[{"@type":"SearchAction","target":{"@type":"EntryPoint","urlTemplate":"https:\/\/smofe-dz.com\/?s={search_term_string}"},"query-input":"required name=search_term_string"}],"inLanguage":"fr-FR"},{"@type":"Organization","@id":"https:\/\/smofe-dz.com\/#organization","name":"Smofe","url":"https:\/\/smofe-dz.com\/","logo":{"@type":"ImageObject","inLanguage":"fr-FR","@id":"https:\/\/smofe-dz.com\/#\/schema\/logo\/image\/","url":"https:\/\/smofe-dz.com\/wp-content\/uploads\/2023\/05\/cropped-Logo-Smofe-version-mail.png","contentUrl":"https:\/\/smofe-dz.com\/wp-content\/uploads\/2023\/05\/cropped-Logo-Smofe-version-mail.png","width":227,"height":132,"caption":"Smofe"},"image":{"@id":"https:\/\/smofe-dz.com\/#\/schema\/logo\/image\/"},"sameAs":["https:\/\/www.facebook.com\/dzsmofe","https:\/\/instagram.com\/sarl_smofe"]}]}},"_links":{"self":[{"href":"https:\/\/smofe-dz.com\/index.php\/wp-json\/wp\/v2\/pages\/198","targetHints":{"allow":["GET"]}}],"collection":[{"href":"https:\/\/smofe-dz.com\/index.php\/wp-json\/wp\/v2\/pages"}],"about":[{"href":"https:\/\/smofe-dz.com\/index.php\/wp-json\/wp\/v2\/types\/page"}],"author":[{"embeddable":true,"href":"https:\/\/smofe-dz.com\/index.php\/wp-json\/wp\/v2\/users\/1"}],"replies":[{"embeddable":true,"href":"https:\/\/smofe-dz.com\/index.php\/wp-json\/wp\/v2\/comments?post=198"}],"version-history":[{"count":7,"href":"https:\/\/smofe-dz.com\/index.php\/wp-json\/wp\/v2\/pages\/198\/revisions"}],"predecessor-version":[{"id":254,"href":"https:\/\/smofe-dz.com\/index.php\/wp-json\/wp\/v2\/pages\/198\/revisions\/254"}],"wp:featuredmedia":[{"embeddable":true,"href":"https:\/\/smofe-dz.com\/index.php\/wp-json\/wp\/v2\/media\/253"}],"wp:attachment":[{"href":"https:\/\/smofe-dz.com\/index.php\/wp-json\/wp\/v2\/media?parent=198"}],"curies":[{"name":"wp","href":"https:\/\/api.w.org\/{rel}","templated":true}]}}